{"id":1068,"date":"2018-05-29T20:17:58","date_gmt":"2018-05-29T18:17:58","guid":{"rendered":"https:\/\/www.112carlotagalgos.com\/?page_id=1068"},"modified":"2024-05-13T10:34:30","modified_gmt":"2024-05-13T08:34:30","slug":"politica-de-privacidad","status":"publish","type":"page","link":"https:\/\/www.112carlotagalgos.com\/es\/politica-de-privacidad\/","title":{"rendered":"Politica de Privacidad"},"content":{"rendered":"<h2><span data-mce-type=\"bookmark\" style=\"display: inline-block; width: 0px; overflow: hidden; line-height: 0;\" class=\"mce_SELRES_start\">\ufeff<\/span>DATOS DEL TITULAR<\/h2>\n<ul>\n<li><strong>Titular<\/strong>: ASOC. 112 Carlota Galgos G93207744<\/li>\n<li><strong>Correo electr\u00f3nico<\/strong>: <a href=\"mailto:comdelrio@hotmail.com\" target=\"_blank\" rel=\"noopener\">comdelrio@hotmail.com<\/a><\/li>\n<\/ul>\n<h2>USO DE LAS COOKIES<\/h2>\n<div class= \"cky-audit-table-element\"><\/div>\n<h2>POL\u00cdTICA DE PRIVACIDAD<\/h2>\n<p>En\u00a0112carlotagalgos.com somos conscientes de la importancia de la privacidad y la protecci\u00f3n de datos de nuestros usuarios. Por este motivo, \u00a0hemos realizado un an\u00e1lisis de los tratamientos efectuados as\u00ed como de los riesgos inherentes a ellos para establecer pol\u00edticas y medidas tendentes a proteger la informaci\u00f3n de car\u00e1cter personal que podamos recabar del usuario.<\/p>\n<p>No almacenamos ningunead tipo de informaci\u00f3n personal. El uso de Google Analytics es simplemente para monitorizar el trafico de la pagina web. Todos los datos que recoge Google Analytics son tratados de forma an\u00f3nima y no ser\u00e1n usados para de ninguna manera para ser cedido o vendido a terceros, respetamos tu privacidad.<\/p>\n<h2>TRATAMIENTOS DE DATOS<\/h2>\n<p>El responsable de los tratamientos indicados es Charlotte del Rio. cuyo resto de datos identificativos y de comunicaci\u00f3n puedes encontrar al inicio de esta pol\u00edtica de privacidad.<\/p>\n<p>En cumplimiento de lo dispuesto en el Reglamento UE 2016\/679 del Parlamento Europeo y del Consejo de 27 de abril de 2016, relativo a la protecci\u00f3n de las personas f\u00edsicas en lo que respecta al tratamiento de datos personales y a la libre circulaci\u00f3n de estos datos (RGPD), te informamos que los datos que nos proporciones como usuario registrado se tratar\u00e1n para:<\/p>\n<ul>\n<li>Si participas escribiendo comentarios se publicar\u00e1 tu nombre de usuario. No publicaremos en ning\u00fan caso tu direcci\u00f3n de correo electr\u00f3nico.<\/li>\n<\/ul>\n<p>Todos tus datos personales se guardan en servidores ubicados dentro de la Uni\u00f3n Europea y bajo medidas de seguridad espec\u00edficas que pretenden evitar el acceso no autorizado o la fuga de informaci\u00f3n.<\/p>\n<p>Protegemos la informaci\u00f3n del usuario con la finalidad de evitar su acceso, manipulaci\u00f3n o eliminaci\u00f3n indebidas.<\/p>\n<p>La base jur\u00eddica de todos los tratamientos indicados anteriormente es la del consentimiento; guardaremos la informaci\u00f3n necesaria para acreditar que otorgaste los consentimientos correspondientes cuando te diste de alta con nosotros. Podr\u00e1s retirar en cualquier momento el consentimiento en tu perfil o solicitando la baja de tu cuenta.<\/p>\n<p>Te informamos igualmente que te asisten los derechos de acceso, rectificaci\u00f3n, oposici\u00f3n, supresi\u00f3n y limitaci\u00f3n del tratamiento sobre tus datos personales, pudiendo ejercerlos mediante escrito a la direcci\u00f3n del responsable.<\/p>\n<p>Igualmente te informamos de la posibilidad de presentar una reclamaci\u00f3n ante la Agencia Espa\u00f1ola de Protecci\u00f3n de Datos en el caso de que consideres que el tratamiento de tus datos no est\u00e1 siendo adecuado.<\/p>\n<p>Por otro lado, te informamos que puedes contactar conmigo en la direcci\u00f3n de correo electr\u00f3nico:\u00a0<a href=\"mailto:comdelrio@hotmail.com\" target=\"_blank\" rel=\"noopener\">comdelrio@hotmail.com<\/a><\/p>\n","protected":false},"excerpt":{"rendered":"<p>\ufeffDATOS DEL TITULAR Titular: ASOC. 112 Carlota Galgos G93207744 Correo electr\u00f3nico: comdelrio@hotmail.com USO DE LAS COOKIES POL\u00cdTICA DE PRIVACIDAD En\u00a0112carlotagalgos.com somos conscientes de la importancia de la privacidad y la protecci\u00f3n de datos de nuestros usuarios. Por este motivo, \u00a0hemos realizado un an\u00e1lisis de los tratamientos efectuados as\u00ed como de los riesgos inherentes a ellos [&hellip;]<\/p>\n","protected":false},"author":2,"featured_media":0,"parent":0,"menu_order":0,"comment_status":"closed","ping_status":"closed","template":"","meta":{"footnotes":"","_wp_rev_ctl_limit":""},"class_list":["post-1068","page","type-page","status-publish","hentry"],"yoast_head":"<!-- This site is optimized with the Yoast SEO plugin v26.8 - https:\/\/yoast.com\/product\/yoast-seo-wordpress\/ -->\n<title>Politica de Privacidad - 112carlotagalgos.com | A sanctuary for the galgos<\/title>\n<meta name=\"robots\" content=\"index, follow, max-snippet:-1, max-image-preview:large, max-video-preview:-1\" \/>\n<link rel=\"canonical\" href=\"https:\/\/www.112carlotagalgos.com\/es\/politica-de-privacidad\/\" \/>\n<meta property=\"og:locale\" content=\"es_ES\" \/>\n<meta property=\"og:type\" content=\"article\" \/>\n<meta property=\"og:title\" content=\"Politica de Privacidad - 112carlotagalgos.com | A sanctuary for the galgos\" \/>\n<meta property=\"og:description\" content=\"\ufeffDATOS DEL TITULAR Titular: ASOC. 112 Carlota Galgos G93207744 Correo electr\u00f3nico: comdelrio@hotmail.com USO DE LAS COOKIES POL\u00cdTICA DE PRIVACIDAD En\u00a0112carlotagalgos.com somos conscientes de la importancia de la privacidad y la protecci\u00f3n de datos de nuestros usuarios. Por este motivo, \u00a0hemos realizado un an\u00e1lisis de los tratamientos efectuados as\u00ed como de los riesgos inherentes a ellos [&hellip;]\" \/>\n<meta property=\"og:url\" content=\"https:\/\/www.112carlotagalgos.com\/es\/politica-de-privacidad\/\" \/>\n<meta property=\"og:site_name\" content=\"112carlotagalgos.com | A sanctuary for the galgos\" \/>\n<meta property=\"article:publisher\" content=\"https:\/\/www.facebook.com\/112-Carlota-Galgos-148387698542171\/\" \/>\n<meta property=\"article:modified_time\" content=\"2024-05-13T08:34:30+00:00\" \/>\n<meta name=\"twitter:card\" content=\"summary_large_image\" \/>\n<meta name=\"twitter:site\" content=\"@112carlotagalgo\" \/>\n<script type=\"application\/ld+json\" class=\"yoast-schema-graph\">{\"@context\":\"https:\/\/schema.org\",\"@graph\":[{\"@type\":\"WebPage\",\"@id\":\"https:\/\/www.112carlotagalgos.com\/es\/politica-de-privacidad\/\",\"url\":\"https:\/\/www.112carlotagalgos.com\/es\/politica-de-privacidad\/\",\"name\":\"Politica de Privacidad - 112carlotagalgos.com | A sanctuary for the galgos\",\"isPartOf\":{\"@id\":\"https:\/\/www.112carlotagalgos.com\/es\/#website\"},\"datePublished\":\"2018-05-29T18:17:58+00:00\",\"dateModified\":\"2024-05-13T08:34:30+00:00\",\"breadcrumb\":{\"@id\":\"https:\/\/www.112carlotagalgos.com\/es\/politica-de-privacidad\/#breadcrumb\"},\"inLanguage\":\"es\",\"potentialAction\":[{\"@type\":\"ReadAction\",\"target\":[\"https:\/\/www.112carlotagalgos.com\/es\/politica-de-privacidad\/\"]}]},{\"@type\":\"BreadcrumbList\",\"@id\":\"https:\/\/www.112carlotagalgos.com\/es\/politica-de-privacidad\/#breadcrumb\",\"itemListElement\":[{\"@type\":\"ListItem\",\"position\":1,\"name\":\"Home\",\"item\":\"https:\/\/www.112carlotagalgos.com\/es\/\"},{\"@type\":\"ListItem\",\"position\":2,\"name\":\"Politica de Privacidad\"}]},{\"@type\":\"WebSite\",\"@id\":\"https:\/\/www.112carlotagalgos.com\/es\/#website\",\"url\":\"https:\/\/www.112carlotagalgos.com\/es\/\",\"name\":\"112carlotagalgos.com | A sanctuary for the galgos\",\"description\":\"\",\"publisher\":{\"@id\":\"https:\/\/www.112carlotagalgos.com\/es\/#organization\"},\"potentialAction\":[{\"@type\":\"SearchAction\",\"target\":{\"@type\":\"EntryPoint\",\"urlTemplate\":\"https:\/\/www.112carlotagalgos.com\/es\/?s={search_term_string}\"},\"query-input\":{\"@type\":\"PropertyValueSpecification\",\"valueRequired\":true,\"valueName\":\"search_term_string\"}}],\"inLanguage\":\"es\"},{\"@type\":\"Organization\",\"@id\":\"https:\/\/www.112carlotagalgos.com\/es\/#organization\",\"name\":\"112 Carlota Galgos\",\"url\":\"https:\/\/www.112carlotagalgos.com\/es\/\",\"logo\":{\"@type\":\"ImageObject\",\"inLanguage\":\"es\",\"@id\":\"https:\/\/www.112carlotagalgos.com\/es\/#\/schema\/logo\/image\/\",\"url\":\"https:\/\/www.112carlotagalgos.com\/wp-content\/uploads\/2021\/04\/112-carlota-galgos-logo-b.png\",\"contentUrl\":\"https:\/\/www.112carlotagalgos.com\/wp-content\/uploads\/2021\/04\/112-carlota-galgos-logo-b.png\",\"width\":216,\"height\":112,\"caption\":\"112 Carlota Galgos\"},\"image\":{\"@id\":\"https:\/\/www.112carlotagalgos.com\/es\/#\/schema\/logo\/image\/\"},\"sameAs\":[\"https:\/\/www.facebook.com\/112-Carlota-Galgos-148387698542171\/\",\"https:\/\/x.com\/112carlotagalgo\",\"https:\/\/www.instagram.com\/112carlotagalgos\/\",\"https:\/\/www.youtube.com\/channel\/UCBM7d5aKYrFe_nE2UBtxFPQ\"]}]}<\/script>\n<!-- \/ Yoast SEO plugin. -->","yoast_head_json":{"title":"Politica de Privacidad - 112carlotagalgos.com | A sanctuary for the galgos","robots":{"index":"index","follow":"follow","max-snippet":"max-snippet:-1","max-image-preview":"max-image-preview:large","max-video-preview":"max-video-preview:-1"},"canonical":"https:\/\/www.112carlotagalgos.com\/es\/politica-de-privacidad\/","og_locale":"es_ES","og_type":"article","og_title":"Politica de Privacidad - 112carlotagalgos.com | A sanctuary for the galgos","og_description":"\ufeffDATOS DEL TITULAR Titular: ASOC. 112 Carlota Galgos G93207744 Correo electr\u00f3nico: comdelrio@hotmail.com USO DE LAS COOKIES POL\u00cdTICA DE PRIVACIDAD En\u00a0112carlotagalgos.com somos conscientes de la importancia de la privacidad y la protecci\u00f3n de datos de nuestros usuarios. Por este motivo, \u00a0hemos realizado un an\u00e1lisis de los tratamientos efectuados as\u00ed como de los riesgos inherentes a ellos [&hellip;]","og_url":"https:\/\/www.112carlotagalgos.com\/es\/politica-de-privacidad\/","og_site_name":"112carlotagalgos.com | A sanctuary for the galgos","article_publisher":"https:\/\/www.facebook.com\/112-Carlota-Galgos-148387698542171\/","article_modified_time":"2024-05-13T08:34:30+00:00","twitter_card":"summary_large_image","twitter_site":"@112carlotagalgo","schema":{"@context":"https:\/\/schema.org","@graph":[{"@type":"WebPage","@id":"https:\/\/www.112carlotagalgos.com\/es\/politica-de-privacidad\/","url":"https:\/\/www.112carlotagalgos.com\/es\/politica-de-privacidad\/","name":"Politica de Privacidad - 112carlotagalgos.com | A sanctuary for the galgos","isPartOf":{"@id":"https:\/\/www.112carlotagalgos.com\/es\/#website"},"datePublished":"2018-05-29T18:17:58+00:00","dateModified":"2024-05-13T08:34:30+00:00","breadcrumb":{"@id":"https:\/\/www.112carlotagalgos.com\/es\/politica-de-privacidad\/#breadcrumb"},"inLanguage":"es","potentialAction":[{"@type":"ReadAction","target":["https:\/\/www.112carlotagalgos.com\/es\/politica-de-privacidad\/"]}]},{"@type":"BreadcrumbList","@id":"https:\/\/www.112carlotagalgos.com\/es\/politica-de-privacidad\/#breadcrumb","itemListElement":[{"@type":"ListItem","position":1,"name":"Home","item":"https:\/\/www.112carlotagalgos.com\/es\/"},{"@type":"ListItem","position":2,"name":"Politica de Privacidad"}]},{"@type":"WebSite","@id":"https:\/\/www.112carlotagalgos.com\/es\/#website","url":"https:\/\/www.112carlotagalgos.com\/es\/","name":"112carlotagalgos.com | A sanctuary for the galgos","description":"","publisher":{"@id":"https:\/\/www.112carlotagalgos.com\/es\/#organization"},"potentialAction":[{"@type":"SearchAction","target":{"@type":"EntryPoint","urlTemplate":"https:\/\/www.112carlotagalgos.com\/es\/?s={search_term_string}"},"query-input":{"@type":"PropertyValueSpecification","valueRequired":true,"valueName":"search_term_string"}}],"inLanguage":"es"},{"@type":"Organization","@id":"https:\/\/www.112carlotagalgos.com\/es\/#organization","name":"112 Carlota Galgos","url":"https:\/\/www.112carlotagalgos.com\/es\/","logo":{"@type":"ImageObject","inLanguage":"es","@id":"https:\/\/www.112carlotagalgos.com\/es\/#\/schema\/logo\/image\/","url":"https:\/\/www.112carlotagalgos.com\/wp-content\/uploads\/2021\/04\/112-carlota-galgos-logo-b.png","contentUrl":"https:\/\/www.112carlotagalgos.com\/wp-content\/uploads\/2021\/04\/112-carlota-galgos-logo-b.png","width":216,"height":112,"caption":"112 Carlota Galgos"},"image":{"@id":"https:\/\/www.112carlotagalgos.com\/es\/#\/schema\/logo\/image\/"},"sameAs":["https:\/\/www.facebook.com\/112-Carlota-Galgos-148387698542171\/","https:\/\/x.com\/112carlotagalgo","https:\/\/www.instagram.com\/112carlotagalgos\/","https:\/\/www.youtube.com\/channel\/UCBM7d5aKYrFe_nE2UBtxFPQ"]}]}},"_links":{"self":[{"href":"https:\/\/www.112carlotagalgos.com\/es\/wp-json\/wp\/v2\/pages\/1068","targetHints":{"allow":["GET"]}}],"collection":[{"href":"https:\/\/www.112carlotagalgos.com\/es\/wp-json\/wp\/v2\/pages"}],"about":[{"href":"https:\/\/www.112carlotagalgos.com\/es\/wp-json\/wp\/v2\/types\/page"}],"author":[{"embeddable":true,"href":"https:\/\/www.112carlotagalgos.com\/es\/wp-json\/wp\/v2\/users\/2"}],"replies":[{"embeddable":true,"href":"https:\/\/www.112carlotagalgos.com\/es\/wp-json\/wp\/v2\/comments?post=1068"}],"version-history":[{"count":4,"href":"https:\/\/www.112carlotagalgos.com\/es\/wp-json\/wp\/v2\/pages\/1068\/revisions"}],"predecessor-version":[{"id":8662,"href":"https:\/\/www.112carlotagalgos.com\/es\/wp-json\/wp\/v2\/pages\/1068\/revisions\/8662"}],"wp:attachment":[{"href":"https:\/\/www.112carlotagalgos.com\/es\/wp-json\/wp\/v2\/media?parent=1068"}],"curies":[{"name":"wp","href":"https:\/\/api.w.org\/{rel}","templated":true}]}}