{"id":8668,"date":"2024-05-13T10:46:48","date_gmt":"2024-05-13T08:46:48","guid":{"rendered":"https:\/\/www.112carlotagalgos.com\/?page_id=8668"},"modified":"2024-05-13T10:46:48","modified_gmt":"2024-05-13T08:46:48","slug":"politica-de-cookies","status":"publish","type":"page","link":"https:\/\/www.112carlotagalgos.com\/es\/politica-de-cookies\/","title":{"rendered":"Pol\u00edtica de Cookies"},"content":{"rendered":"<style><span data-mce-type=\"bookmark\" style=\"display: inline-block; width: 0px; overflow: hidden; line-height: 0;\" class=\"mce_SELRES_start\">\ufeff<\/span><br \/>    a.cky-banner-element {<br \/>        padding: 8px 30px;<br \/>        background: #F8F9FA;<br \/>        color: #858A8F;<br \/>        border: 1px solid #DEE2E6;<br \/>        box-sizing: border-box;<br \/>        border-radius: 2px;<br \/>        cursor: pointer;<br \/>}<br \/><\/style>\n<h1 class=\"cookie-policy-h1\">Pol\u00edtica de Cookies<\/h1>\n<p>Fecha Efectiva: 13-Mayo-2024<br \/>\n\u00faltima actualizaci\u00f3n: 13-Mayo-2024<\/p>\n<p>&nbsp;<\/p>\n<h5>\u00bfQue son las cookies?<\/h5>\n<div class=\"cookie-policy-p\">\n<p>Esta Pol\u00edtica de cookies explica qu\u00e9 son las cookies y c\u00f3mo las usamos, los tipos de cookies que utilizamos, es decir, la informaci\u00f3n que recopilamos mediante cookies y c\u00f3mo se usa esa informaci\u00f3n, y c\u00f3mo administrar la configuraci\u00f3n de las cookies.<\/p>\n<p>Las cookies son peque\u00f1os archivos de texto que se utilizan para almacenar peque\u00f1os fragmentos de informaci\u00f3n. Se almacenan en su dispositivo cuando el sitio web se carga en su navegador. Estas cookies nos ayudan a que el sitio web funcione correctamente, hacerlo m\u00e1s seguro, brindar una mejor experiencia de usuario y comprender c\u00f3mo funciona el sitio web y analizar qu\u00e9 funciona y d\u00f3nde necesita mejorar.<\/p>\n<\/div>\n<p>&nbsp;<\/p>\n<h5>\u00bfComo usamos las cookies?<\/h5>\n<div class=\"cookie-policy-p\">\n<p>Como la mayor\u00eda de los servicios en l\u00ednea, nuestro sitio web utiliza cookies propias y de terceros para varios prop\u00f3sitos. Las cookies de origen son en su mayor\u00eda necesarias para que el sitio web funcione correctamente y no recopilan ninguno de sus datos de identificaci\u00f3n personal.<\/p>\n<p>Las cookies de terceros utilizadas en nuestro sitio web son principalmente para comprender c\u00f3mo funciona el sitio web, c\u00f3mo interact\u00faa con nuestro sitio web, mantener nuestros servicios seguros, proporcionar anuncios que sean relevantes para usted y, en general, brindarle un usuario mejor y mejorado. experiencia y ayudar a acelerar sus futuras interacciones con nuestro sitio web.<\/p>\n<\/div>\n<p>&nbsp;<\/p>\n<h5>Tipos de Cookies que usamos<\/h5>\n<div class=\"cky-audit-table-element\"><\/div>\n<p>&nbsp;<\/p>\n<h5 style=\"margin-bottom: 20px;\">Administrar preferencias de cookies<\/h5>\n<p>Configuraci\u00f3n de cookies<\/p>\n<div>\n<p>Puede cambiar sus preferencias de cookies en cualquier momento haciendo clic en el bot\u00f3n de arriba. Esto le permitir\u00e1 volver a visitar el banner de consentimiento de cookies y cambiar sus preferencias o retirar su consentimiento de inmediato.<\/p>\n<p>Adem\u00e1s de esto, diferentes navegadores ofrecen diferentes m\u00e9todos para bloquear y eliminar las cookies utilizadas por los sitios web. Puede cambiar la configuraci\u00f3n de su navegador para bloquear\/eliminar las cookies. A continuaci\u00f3n se enumeran los enlaces a los documentos de soporte sobre c\u00f3mo administrar y eliminar cookies de los principales navegadores web.<\/p>\n<p>Chrome: <a href=\"https:\/\/support.google.com\/accounts\/answer\/32050\" target=\"_blank\" rel=\"noopener\">https:\/\/support.google.com\/accounts\/answer\/32050<\/a><\/p>\n<p>Safari: <a href=\"https:\/\/support.apple.com\/en-in\/guide\/safari\/sfri11471\/mac\" target=\"_blank\" rel=\"noopener\">https:\/\/support.apple.com\/en-in\/guide\/safari\/sfri11471\/mac<\/a><\/p>\n<p>Firefox: <a href=\"https:\/\/support.mozilla.org\/en-US\/kb\/clear-cookies-and-site-data-firefox?redirectslug=delete-cookies-remove-info-websites-stored&amp;redirectlocale=en-US\" target=\"_blank\" rel=\"noopener\">https:\/\/support.mozilla.org\/en-US\/kb\/clear-cookies-and-site-data-firefox?redirectslug=delete-cookies-remove-info-websites-stored&amp;redirectlocale=en-US<\/a><\/p>\n<p>Internet Explorer: <a href=\"https:\/\/support.microsoft.com\/en-us\/topic\/how-to-delete-cookie-files-in-internet-explorer-bca9446f-d873-78de-77ba-d42645fa52fc\" target=\"_blank\" rel=\"noopener\">https:\/\/support.microsoft.com\/en-us\/topic\/how-to-delete-cookie-files-in-internet-explorer-bca9446f-d873-78de-77ba-d42645fa52fc<\/a><\/p>\n<p>If you are using any other web browser, please visit your browser\u2019s official support documents.<\/p>\n<\/div>\n<p>&nbsp;<\/p>\n<p class=\"cookie-policy-p\">Cookie Policy Generated By <a href=\"https:\/\/www.cookieyes.com\/?utm_source=CP&amp;utm_medium=footer&amp;utm_campaign=UW\" target=\"_blank\" rel=\"noopener\">CookieYes &#8211; Cookie Policy Generator<\/a>.<\/p>\n","protected":false},"excerpt":{"rendered":"<p>Pol\u00edtica de Cookies Fecha Efectiva: 13-Mayo-2024 \u00faltima actualizaci\u00f3n: 13-Mayo-2024 &nbsp; \u00bfQue son las cookies? Esta Pol\u00edtica de cookies explica qu\u00e9 son las cookies y c\u00f3mo las usamos, los tipos de cookies que utilizamos, es decir, la informaci\u00f3n que recopilamos mediante cookies y c\u00f3mo se usa esa informaci\u00f3n, y c\u00f3mo administrar la configuraci\u00f3n de las cookies. [&hellip;]<\/p>\n","protected":false},"author":2,"featured_media":0,"parent":0,"menu_order":0,"comment_status":"closed","ping_status":"closed","template":"","meta":{"footnotes":"","_wp_rev_ctl_limit":""},"class_list":["post-8668","page","type-page","status-publish","hentry"],"yoast_head":"<!-- This site is optimized with the Yoast SEO plugin v26.8 - https:\/\/yoast.com\/product\/yoast-seo-wordpress\/ -->\n<title>Pol\u00edtica de Cookies - 112carlotagalgos.com | A sanctuary for the galgos<\/title>\n<meta name=\"robots\" content=\"index, follow, max-snippet:-1, max-image-preview:large, max-video-preview:-1\" \/>\n<link rel=\"canonical\" href=\"https:\/\/www.112carlotagalgos.com\/es\/politica-de-cookies\/\" \/>\n<meta property=\"og:locale\" content=\"es_ES\" \/>\n<meta property=\"og:type\" content=\"article\" \/>\n<meta property=\"og:title\" content=\"Pol\u00edtica de Cookies - 112carlotagalgos.com | A sanctuary for the galgos\" \/>\n<meta property=\"og:description\" content=\"Pol\u00edtica de Cookies Fecha Efectiva: 13-Mayo-2024 \u00faltima actualizaci\u00f3n: 13-Mayo-2024 &nbsp; \u00bfQue son las cookies? Esta Pol\u00edtica de cookies explica qu\u00e9 son las cookies y c\u00f3mo las usamos, los tipos de cookies que utilizamos, es decir, la informaci\u00f3n que recopilamos mediante cookies y c\u00f3mo se usa esa informaci\u00f3n, y c\u00f3mo administrar la configuraci\u00f3n de las cookies. [&hellip;]\" \/>\n<meta property=\"og:url\" content=\"https:\/\/www.112carlotagalgos.com\/es\/politica-de-cookies\/\" \/>\n<meta property=\"og:site_name\" content=\"112carlotagalgos.com | A sanctuary for the galgos\" \/>\n<meta property=\"article:publisher\" content=\"https:\/\/www.facebook.com\/112-Carlota-Galgos-148387698542171\/\" \/>\n<meta name=\"twitter:card\" content=\"summary_large_image\" \/>\n<meta name=\"twitter:site\" content=\"@112carlotagalgo\" \/>\n<script type=\"application\/ld+json\" class=\"yoast-schema-graph\">{\"@context\":\"https:\/\/schema.org\",\"@graph\":[{\"@type\":\"WebPage\",\"@id\":\"https:\/\/www.112carlotagalgos.com\/es\/politica-de-cookies\/\",\"url\":\"https:\/\/www.112carlotagalgos.com\/es\/politica-de-cookies\/\",\"name\":\"Pol\u00edtica de Cookies - 112carlotagalgos.com | A sanctuary for the galgos\",\"isPartOf\":{\"@id\":\"https:\/\/www.112carlotagalgos.com\/es\/#website\"},\"datePublished\":\"2024-05-13T08:46:48+00:00\",\"breadcrumb\":{\"@id\":\"https:\/\/www.112carlotagalgos.com\/es\/politica-de-cookies\/#breadcrumb\"},\"inLanguage\":\"es\",\"potentialAction\":[{\"@type\":\"ReadAction\",\"target\":[\"https:\/\/www.112carlotagalgos.com\/es\/politica-de-cookies\/\"]}]},{\"@type\":\"BreadcrumbList\",\"@id\":\"https:\/\/www.112carlotagalgos.com\/es\/politica-de-cookies\/#breadcrumb\",\"itemListElement\":[{\"@type\":\"ListItem\",\"position\":1,\"name\":\"Home\",\"item\":\"https:\/\/www.112carlotagalgos.com\/es\/\"},{\"@type\":\"ListItem\",\"position\":2,\"name\":\"Pol\u00edtica de Cookies\"}]},{\"@type\":\"WebSite\",\"@id\":\"https:\/\/www.112carlotagalgos.com\/es\/#website\",\"url\":\"https:\/\/www.112carlotagalgos.com\/es\/\",\"name\":\"112carlotagalgos.com | A sanctuary for the galgos\",\"description\":\"\",\"publisher\":{\"@id\":\"https:\/\/www.112carlotagalgos.com\/es\/#organization\"},\"potentialAction\":[{\"@type\":\"SearchAction\",\"target\":{\"@type\":\"EntryPoint\",\"urlTemplate\":\"https:\/\/www.112carlotagalgos.com\/es\/?s={search_term_string}\"},\"query-input\":{\"@type\":\"PropertyValueSpecification\",\"valueRequired\":true,\"valueName\":\"search_term_string\"}}],\"inLanguage\":\"es\"},{\"@type\":\"Organization\",\"@id\":\"https:\/\/www.112carlotagalgos.com\/es\/#organization\",\"name\":\"112 Carlota Galgos\",\"url\":\"https:\/\/www.112carlotagalgos.com\/es\/\",\"logo\":{\"@type\":\"ImageObject\",\"inLanguage\":\"es\",\"@id\":\"https:\/\/www.112carlotagalgos.com\/es\/#\/schema\/logo\/image\/\",\"url\":\"https:\/\/www.112carlotagalgos.com\/wp-content\/uploads\/2021\/04\/112-carlota-galgos-logo-b.png\",\"contentUrl\":\"https:\/\/www.112carlotagalgos.com\/wp-content\/uploads\/2021\/04\/112-carlota-galgos-logo-b.png\",\"width\":216,\"height\":112,\"caption\":\"112 Carlota Galgos\"},\"image\":{\"@id\":\"https:\/\/www.112carlotagalgos.com\/es\/#\/schema\/logo\/image\/\"},\"sameAs\":[\"https:\/\/www.facebook.com\/112-Carlota-Galgos-148387698542171\/\",\"https:\/\/x.com\/112carlotagalgo\",\"https:\/\/www.instagram.com\/112carlotagalgos\/\",\"https:\/\/www.youtube.com\/channel\/UCBM7d5aKYrFe_nE2UBtxFPQ\"]}]}<\/script>\n<!-- \/ Yoast SEO plugin. -->","yoast_head_json":{"title":"Pol\u00edtica de Cookies - 112carlotagalgos.com | A sanctuary for the galgos","robots":{"index":"index","follow":"follow","max-snippet":"max-snippet:-1","max-image-preview":"max-image-preview:large","max-video-preview":"max-video-preview:-1"},"canonical":"https:\/\/www.112carlotagalgos.com\/es\/politica-de-cookies\/","og_locale":"es_ES","og_type":"article","og_title":"Pol\u00edtica de Cookies - 112carlotagalgos.com | A sanctuary for the galgos","og_description":"Pol\u00edtica de Cookies Fecha Efectiva: 13-Mayo-2024 \u00faltima actualizaci\u00f3n: 13-Mayo-2024 &nbsp; \u00bfQue son las cookies? Esta Pol\u00edtica de cookies explica qu\u00e9 son las cookies y c\u00f3mo las usamos, los tipos de cookies que utilizamos, es decir, la informaci\u00f3n que recopilamos mediante cookies y c\u00f3mo se usa esa informaci\u00f3n, y c\u00f3mo administrar la configuraci\u00f3n de las cookies. [&hellip;]","og_url":"https:\/\/www.112carlotagalgos.com\/es\/politica-de-cookies\/","og_site_name":"112carlotagalgos.com | A sanctuary for the galgos","article_publisher":"https:\/\/www.facebook.com\/112-Carlota-Galgos-148387698542171\/","twitter_card":"summary_large_image","twitter_site":"@112carlotagalgo","schema":{"@context":"https:\/\/schema.org","@graph":[{"@type":"WebPage","@id":"https:\/\/www.112carlotagalgos.com\/es\/politica-de-cookies\/","url":"https:\/\/www.112carlotagalgos.com\/es\/politica-de-cookies\/","name":"Pol\u00edtica de Cookies - 112carlotagalgos.com | A sanctuary for the galgos","isPartOf":{"@id":"https:\/\/www.112carlotagalgos.com\/es\/#website"},"datePublished":"2024-05-13T08:46:48+00:00","breadcrumb":{"@id":"https:\/\/www.112carlotagalgos.com\/es\/politica-de-cookies\/#breadcrumb"},"inLanguage":"es","potentialAction":[{"@type":"ReadAction","target":["https:\/\/www.112carlotagalgos.com\/es\/politica-de-cookies\/"]}]},{"@type":"BreadcrumbList","@id":"https:\/\/www.112carlotagalgos.com\/es\/politica-de-cookies\/#breadcrumb","itemListElement":[{"@type":"ListItem","position":1,"name":"Home","item":"https:\/\/www.112carlotagalgos.com\/es\/"},{"@type":"ListItem","position":2,"name":"Pol\u00edtica de Cookies"}]},{"@type":"WebSite","@id":"https:\/\/www.112carlotagalgos.com\/es\/#website","url":"https:\/\/www.112carlotagalgos.com\/es\/","name":"112carlotagalgos.com | A sanctuary for the galgos","description":"","publisher":{"@id":"https:\/\/www.112carlotagalgos.com\/es\/#organization"},"potentialAction":[{"@type":"SearchAction","target":{"@type":"EntryPoint","urlTemplate":"https:\/\/www.112carlotagalgos.com\/es\/?s={search_term_string}"},"query-input":{"@type":"PropertyValueSpecification","valueRequired":true,"valueName":"search_term_string"}}],"inLanguage":"es"},{"@type":"Organization","@id":"https:\/\/www.112carlotagalgos.com\/es\/#organization","name":"112 Carlota Galgos","url":"https:\/\/www.112carlotagalgos.com\/es\/","logo":{"@type":"ImageObject","inLanguage":"es","@id":"https:\/\/www.112carlotagalgos.com\/es\/#\/schema\/logo\/image\/","url":"https:\/\/www.112carlotagalgos.com\/wp-content\/uploads\/2021\/04\/112-carlota-galgos-logo-b.png","contentUrl":"https:\/\/www.112carlotagalgos.com\/wp-content\/uploads\/2021\/04\/112-carlota-galgos-logo-b.png","width":216,"height":112,"caption":"112 Carlota Galgos"},"image":{"@id":"https:\/\/www.112carlotagalgos.com\/es\/#\/schema\/logo\/image\/"},"sameAs":["https:\/\/www.facebook.com\/112-Carlota-Galgos-148387698542171\/","https:\/\/x.com\/112carlotagalgo","https:\/\/www.instagram.com\/112carlotagalgos\/","https:\/\/www.youtube.com\/channel\/UCBM7d5aKYrFe_nE2UBtxFPQ"]}]}},"_links":{"self":[{"href":"https:\/\/www.112carlotagalgos.com\/es\/wp-json\/wp\/v2\/pages\/8668","targetHints":{"allow":["GET"]}}],"collection":[{"href":"https:\/\/www.112carlotagalgos.com\/es\/wp-json\/wp\/v2\/pages"}],"about":[{"href":"https:\/\/www.112carlotagalgos.com\/es\/wp-json\/wp\/v2\/types\/page"}],"author":[{"embeddable":true,"href":"https:\/\/www.112carlotagalgos.com\/es\/wp-json\/wp\/v2\/users\/2"}],"replies":[{"embeddable":true,"href":"https:\/\/www.112carlotagalgos.com\/es\/wp-json\/wp\/v2\/comments?post=8668"}],"version-history":[{"count":4,"href":"https:\/\/www.112carlotagalgos.com\/es\/wp-json\/wp\/v2\/pages\/8668\/revisions"}],"predecessor-version":[{"id":8672,"href":"https:\/\/www.112carlotagalgos.com\/es\/wp-json\/wp\/v2\/pages\/8668\/revisions\/8672"}],"wp:attachment":[{"href":"https:\/\/www.112carlotagalgos.com\/es\/wp-json\/wp\/v2\/media?parent=8668"}],"curies":[{"name":"wp","href":"https:\/\/api.w.org\/{rel}","templated":true}]}}